{"id":54916,"date":"2019-12-12T15:55:21","date_gmt":"2019-12-12T13:55:21","guid":{"rendered":"https:\/\/activecitizensfund.ro\/?page_id=54916"},"modified":"2022-12-16T15:15:19","modified_gmt":"2022-12-16T13:15:19","slug":"apeluri","status":"publish","type":"page","link":"http:\/\/activecitizensfund.ro\/en\/apeluri\/","title":{"rendered":"Calls"},"content":{"rendered":"<div class=\"wpb-content-wrapper\"><div class=\"vc_row wpb_row vc_row-fluid dt-default\" style=\"margin-top: 0px;margin-bottom: 0px\"><div class=\"wpb_column vc_column_container vc_col-sm-12\"><div class=\"vc_column-inner\"><div class=\"wpb_wrapper\"><div class=\"vc_empty_space\"   style=\"height: 32px\"><span class=\"vc_empty_space_inner\"><\/span><\/div>\n\t<div class=\"wpb_text_column wpb_content_element\" >\n\t\t<div class=\"wpb_wrapper\">\n\t\t\t<p style=\"font-weight: 400;\">Thank you for your interest, there are currently no open calls in this section. We invite you to review the Third Call of Proposal from the Fund for Bilateral Relations -\u00a0\u00a0<a href=\"https:\/\/activecitizensfund.ro\/en\/al-treilea-apel-pentru-cereri-de-finantare-din-cadrul-fondului-pentru-relatii-bilaterale\/\" data-saferedirecturl=\"https:\/\/www.google.com\/url?q=https:\/\/activecitizensfund.ro\/al-treilea-apel-pentru-cereri-de-finantare-din-cadrul-fondului-pentru-relatii-bilaterale\/&amp;source=gmail&amp;ust=1671131810051000&amp;usg=AOvVaw0M1jQod34sWBZqram54jCQ\">https:\/\/activecitizensfund.ro\/al-treilea-apel-pentru-cereri-de-finantare-din-cadrul-fondului-pentru-relatii-bilaterale\/<\/a><\/p>\n\n\t\t<\/div>\n\t<\/div>\n<div class=\"vc_empty_space\"   style=\"height: 32px\"><span class=\"vc_empty_space_inner\"><\/span><\/div><\/div><\/div><\/div><\/div><div class=\"vc_row wpb_row vc_row-fluid dt-default\" style=\"margin-top: 0px;margin-bottom: 0px\"><div class=\"wpb_column vc_column_container vc_col-sm-12\"><div class=\"vc_column-inner\"><div class=\"wpb_wrapper\"><div class=\"vc_empty_space\"   style=\"height: 32px\"><span class=\"vc_empty_space_inner\"><\/span><\/div><div class=\"vc_empty_space\"   style=\"height: 32px\"><span class=\"vc_empty_space_inner\"><\/span><\/div><style type=\"text\/css\" data-type=\"the7_shortcodes-inline-css\">.blog-shortcode.blog-masonry-shortcode-id-38a2555a0c6e02ef28f4a2eac710c2f6.dividers-on.classic-layout-list article {\n  padding-top: 0;\n}\n.blog-shortcode.blog-masonry-shortcode-id-38a2555a0c6e02ef28f4a2eac710c2f6.dividers-on.classic-layout-list article:first-of-type {\n  margin-top: 0;\n  padding-top: 0;\n}\n.blog-shortcode.blog-masonry-shortcode-id-38a2555a0c6e02ef28f4a2eac710c2f6.classic-layout-list.mode-list .post-entry-content {\n  width: calc(100% - );\n}\n.blog-shortcode.blog-masonry-shortcode-id-38a2555a0c6e02ef28f4a2eac710c2f6.classic-layout-list.mode-list .no-img .post-entry-content {\n  width: 100%;\n}\n.blog-shortcode.blog-masonry-shortcode-id-38a2555a0c6e02ef28f4a2eac710c2f6 .filter-bg-decoration .filter-categories a.act {\n  color: #fff;\n}\n.blog-shortcode.blog-masonry-shortcode-id-38a2555a0c6e02ef28f4a2eac710c2f6:not(.mode-masonry) article:first-of-type,\n.blog-shortcode.blog-masonry-shortcode-id-38a2555a0c6e02ef28f4a2eac710c2f6:not(.mode-masonry) article.visible.first:not(.product) {\n  margin-top: 0;\n}\n.blog-shortcode.blog-masonry-shortcode-id-38a2555a0c6e02ef28f4a2eac710c2f6.dividers-on:not(.mode-masonry) article {\n  margin-top: 0;\n}\n.blog-shortcode.blog-masonry-shortcode-id-38a2555a0c6e02ef28f4a2eac710c2f6.dividers-on:not(.mode-masonry) article:first-of-type,\n.blog-shortcode.blog-masonry-shortcode-id-38a2555a0c6e02ef28f4a2eac710c2f6.dividers-on:not(.mode-masonry) article.visible.first:not(.product) {\n  margin-top: 0;\n  padding-top: 0;\n}\n.blog-shortcode.blog-masonry-shortcode-id-38a2555a0c6e02ef28f4a2eac710c2f6 .post-thumbnail-wrap {\n  padding: 0px 0px 0px 0px;\n}\n.blog-shortcode.blog-masonry-shortcode-id-38a2555a0c6e02ef28f4a2eac710c2f6.enable-bg-rollover .post-thumbnail-rollover:after {\n  background: -webkit-linear-gradient();\n  background: linear-gradient();\n}\n.blog-shortcode.blog-masonry-shortcode-id-38a2555a0c6e02ef28f4a2eac710c2f6 .gallery-zoom-ico {\n  width: 44px;\n  height: 44px;\n  line-height: 44px;\n  border-radius: 100px;\n  margin: -22px 0 0 -22px;\n  border-width: 0px;\n  color: #ffffff;\n}\n.bottom-overlap-layout-list.blog-shortcode.blog-masonry-shortcode-id-38a2555a0c6e02ef28f4a2eac710c2f6 .gallery-zoom-ico {\n  margin-top: -72px;\n}\n.gradient-overlay-layout-list.blog-shortcode.blog-masonry-shortcode-id-38a2555a0c6e02ef28f4a2eac710c2f6 .gallery-zoom-ico,\n.content-rollover-layout-list.blog-shortcode.blog-masonry-shortcode-id-38a2555a0c6e02ef28f4a2eac710c2f6 .gallery-zoom-ico {\n  margin: 0 0 10px;\n}\n.content-align-center.gradient-overlay-layout-list.blog-shortcode.blog-masonry-shortcode-id-38a2555a0c6e02ef28f4a2eac710c2f6 .gallery-zoom-ico,\n.content-align-center.content-rollover-layout-list.blog-shortcode.blog-masonry-shortcode-id-38a2555a0c6e02ef28f4a2eac710c2f6 .gallery-zoom-ico {\n  margin: 0 auto 10px;\n}\n.dt-icon-bg-on.blog-shortcode.blog-masonry-shortcode-id-38a2555a0c6e02ef28f4a2eac710c2f6 .gallery-zoom-ico {\n  background: rgba(255,255,255,0.3);\n  box-shadow: none;\n}\n.blog-shortcode.blog-masonry-shortcode-id-38a2555a0c6e02ef28f4a2eac710c2f6 .gallery-zoom-ico > span,\n.blog-shortcode.blog-masonry-shortcode-id-38a2555a0c6e02ef28f4a2eac710c2f6 .gallery-zoom-ico:before {\n  font-size: 32px;\n  line-height: 44px;\n}\n.blog-shortcode.blog-masonry-shortcode-id-38a2555a0c6e02ef28f4a2eac710c2f6 .gallery-zoom-ico > span,\n.blog-shortcode.blog-masonry-shortcode-id-38a2555a0c6e02ef28f4a2eac710c2f6 .gallery-zoom-ico:before {\n  color: #ffffff;\n}\n.blog-shortcode.blog-masonry-shortcode-id-38a2555a0c6e02ef28f4a2eac710c2f6 .entry-title,\n.blog-shortcode.blog-masonry-shortcode-id-38a2555a0c6e02ef28f4a2eac710c2f6.owl-carousel .entry-title {\n  margin-bottom: 5px;\n  font-weight: bold;\n}\n.blog-shortcode.blog-masonry-shortcode-id-38a2555a0c6e02ef28f4a2eac710c2f6 .entry-meta {\n  margin-bottom: 15px;\n}\n.blog-shortcode.blog-masonry-shortcode-id-38a2555a0c6e02ef28f4a2eac710c2f6 .portfolio-categories {\n  margin-bottom: 15px;\n}\n.blog-shortcode.blog-masonry-shortcode-id-38a2555a0c6e02ef28f4a2eac710c2f6 .entry-excerpt {\n  margin-bottom: 5px;\n}\n.blog-shortcode.blog-masonry-shortcode-id-38a2555a0c6e02ef28f4a2eac710c2f6:not(.centered-layout-list) .post-entry-content {\n  padding: 25px 30px 100px 30px;\n}\n.blog-shortcode.blog-masonry-shortcode-id-38a2555a0c6e02ef28f4a2eac710c2f6:not(.centered-layout-list):not(.content-bg-on):not(.mode-list) .no-img .post-entry-content {\n  padding: 0;\n}\n@media screen and (max-width: ) {\n  .blog-shortcode.blog-masonry-shortcode-id-38a2555a0c6e02ef28f4a2eac710c2f6 article {\n    -ms-flex-flow: column nowrap;\n    flex-flow: column nowrap;\n    margin-top: 20px;\n  }\n  .blog-shortcode.blog-masonry-shortcode-id-38a2555a0c6e02ef28f4a2eac710c2f6.dividers-on article {\n    border: none;\n  }\n  .blog-shortcode.blog-masonry-shortcode-id-38a2555a0c6e02ef28f4a2eac710c2f6.content-bg-on.centered-layout-list article {\n    padding: 0;\n  }\n  .blog-shortcode.blog-masonry-shortcode-id-38a2555a0c6e02ef28f4a2eac710c2f6.blog-shortcode.dividers-on article,\n  .blog-shortcode.blog-masonry-shortcode-id-38a2555a0c6e02ef28f4a2eac710c2f6.dividers-on.classic-layout-list article {\n    margin-top: 20px;\n    padding: 0;\n  }\n  .blog-shortcode.blog-masonry-shortcode-id-38a2555a0c6e02ef28f4a2eac710c2f6.blog-shortcode.dividers-on article:first-of-type,\n  .blog-shortcode.blog-masonry-shortcode-id-38a2555a0c6e02ef28f4a2eac710c2f6.dividers-on.classic-layout-list article:first-of-type {\n    padding: 0;\n  }\n  #page .blog-shortcode.blog-masonry-shortcode-id-38a2555a0c6e02ef28f4a2eac710c2f6 .post-thumbnail-wrap,\n  #page .blog-shortcode.blog-masonry-shortcode-id-38a2555a0c6e02ef28f4a2eac710c2f6 .post-entry-content {\n    width: 100%;\n    margin: 0;\n    top: 0;\n  }\n  #page .blog-shortcode.blog-masonry-shortcode-id-38a2555a0c6e02ef28f4a2eac710c2f6 .post-thumbnail-wrap {\n    padding: 0;\n  }\n  #page .blog-shortcode.blog-masonry-shortcode-id-38a2555a0c6e02ef28f4a2eac710c2f6 .post-entry-content:after {\n    display: none;\n  }\n  #page .blog-shortcode.blog-masonry-shortcode-id-38a2555a0c6e02ef28f4a2eac710c2f6 .project-even .post-thumbnail-wrap,\n  #page .blog-shortcode.blog-masonry-shortcode-id-38a2555a0c6e02ef28f4a2eac710c2f6.centered-layout-list .post-thumbnail-wrap {\n    -ms-flex-order: 0;\n    order: 0;\n  }\n  #page .blog-shortcode.blog-masonry-shortcode-id-38a2555a0c6e02ef28f4a2eac710c2f6.centered-layout-list .post-entry-title-content {\n    -ms-flex-order: 1;\n    order: 1;\n    width: 100%;\n    padding: 20px 20px 0;\n  }\n  #page .blog-shortcode.blog-masonry-shortcode-id-38a2555a0c6e02ef28f4a2eac710c2f6.centered-layout-list .post-entry-content {\n    -ms-flex-order: 2;\n    order: 2;\n    padding-top: 0;\n  }\n  #page .blog-shortcode.blog-masonry-shortcode-id-38a2555a0c6e02ef28f4a2eac710c2f6 .fancy-categories {\n    top: 10px;\n    left: 10px;\n    bottom: auto;\n    right: auto;\n  }\n  #page .blog-shortcode.blog-masonry-shortcode-id-38a2555a0c6e02ef28f4a2eac710c2f6 .fancy-date a {\n    top: 10px;\n    right: 10px;\n    left: auto;\n    bottom: auto;\n  }\n  #page .blog-shortcode.blog-masonry-shortcode-id-38a2555a0c6e02ef28f4a2eac710c2f6 .post-entry-content {\n    padding: 20px;\n  }\n  #page .blog-shortcode.blog-masonry-shortcode-id-38a2555a0c6e02ef28f4a2eac710c2f6 .entry-title {\n    margin: 3px 0 5px;\n    font-size: 20px;\n    line-height: 26px;\n  }\n  #page .blog-shortcode.blog-masonry-shortcode-id-38a2555a0c6e02ef28f4a2eac710c2f6 .entry-meta {\n    margin: 5px 0 5px;\n  }\n  #page .blog-shortcode.blog-masonry-shortcode-id-38a2555a0c6e02ef28f4a2eac710c2f6 .entry-excerpt {\n    margin: 15px 0 0;\n  }\n  #page .blog-shortcode.blog-masonry-shortcode-id-38a2555a0c6e02ef28f4a2eac710c2f6 .post-details {\n    margin: 5px 0 10px;\n  }\n  #page .blog-shortcode.blog-masonry-shortcode-id-38a2555a0c6e02ef28f4a2eac710c2f6 .post-details.details-type-link {\n    margin-bottom: 2px;\n  }\n}\n.blog-shortcode.blog-masonry-shortcode-id-38a2555a0c6e02ef28f4a2eac710c2f6:not(.resize-by-browser-width) .dt-css-grid {\n  grid-row-gap: 30px;\n  grid-column-gap: 30px;\n  grid-template-columns: repeat(auto-fill,minmax(,1fr));\n}\n.blog-shortcode.blog-masonry-shortcode-id-38a2555a0c6e02ef28f4a2eac710c2f6:not(.resize-by-browser-width) .dt-css-grid .double-width {\n  grid-column: span 2;\n}\n.cssgridlegacy.no-cssgrid .blog-shortcode.blog-masonry-shortcode-id-38a2555a0c6e02ef28f4a2eac710c2f6:not(.resize-by-browser-width) .dt-css-grid,\n.no-cssgridlegacy.no-cssgrid .blog-shortcode.blog-masonry-shortcode-id-38a2555a0c6e02ef28f4a2eac710c2f6:not(.resize-by-browser-width) .dt-css-grid {\n  display: flex;\n  flex-flow: row wrap;\n  margin: -15px;\n}\n.cssgridlegacy.no-cssgrid .blog-shortcode.blog-masonry-shortcode-id-38a2555a0c6e02ef28f4a2eac710c2f6:not(.resize-by-browser-width) .dt-css-grid .wf-cell,\n.no-cssgridlegacy.no-cssgrid .blog-shortcode.blog-masonry-shortcode-id-38a2555a0c6e02ef28f4a2eac710c2f6:not(.resize-by-browser-width) .dt-css-grid .wf-cell {\n  flex: 1 0 ;\n  max-width: 100%;\n  padding: 15px;\n  box-sizing: border-box;\n}\n.blog-shortcode.blog-masonry-shortcode-id-38a2555a0c6e02ef28f4a2eac710c2f6.resize-by-browser-width .dt-css-grid {\n  grid-template-columns: repeat(1,1fr);\n  grid-template-rows: auto;\n  grid-column-gap: 30px;\n  grid-row-gap: 30px;\n}\n.blog-shortcode.blog-masonry-shortcode-id-38a2555a0c6e02ef28f4a2eac710c2f6.resize-by-browser-width .dt-css-grid .double-width {\n  grid-column: span 2;\n}\n.cssgridlegacy.no-cssgrid .blog-shortcode.blog-masonry-shortcode-id-38a2555a0c6e02ef28f4a2eac710c2f6.resize-by-browser-width .dt-css-grid {\n  margin: -15px;\n}\n.cssgridlegacy.no-cssgrid .blog-shortcode.blog-masonry-shortcode-id-38a2555a0c6e02ef28f4a2eac710c2f6.resize-by-browser-width .dt-css-grid .wf-cell {\n  width: 100%;\n  padding: 15px;\n}\n.cssgridlegacy.no-cssgrid .blog-shortcode.blog-masonry-shortcode-id-38a2555a0c6e02ef28f4a2eac710c2f6.resize-by-browser-width .dt-css-grid .wf-cell.double-width {\n  width: calc(100%) * 2;\n}\n.blog-shortcode.blog-masonry-shortcode-id-38a2555a0c6e02ef28f4a2eac710c2f6.resize-by-browser-width:not(.centered-layout-list):not(.content-bg-on) .dt-css-grid {\n  grid-row-gap: -70px;\n}\n@media screen and (max-width: 1199px) {\n  .blog-shortcode.blog-masonry-shortcode-id-38a2555a0c6e02ef28f4a2eac710c2f6.resize-by-browser-width .dt-css-grid {\n    grid-template-columns: repeat(1,1fr);\n  }\n  .cssgridlegacy.no-cssgrid .blog-shortcode.blog-masonry-shortcode-id-38a2555a0c6e02ef28f4a2eac710c2f6.resize-by-browser-width .dt-css-grid .wf-cell,\n  .no-cssgridlegacy.no-cssgrid .blog-shortcode.blog-masonry-shortcode-id-38a2555a0c6e02ef28f4a2eac710c2f6.resize-by-browser-width .dt-css-grid .wf-cell {\n    width: 100%;\n  }\n  .cssgridlegacy.no-cssgrid .blog-shortcode.blog-masonry-shortcode-id-38a2555a0c6e02ef28f4a2eac710c2f6.resize-by-browser-width .dt-css-grid .wf-cell.double-width,\n  .no-cssgridlegacy.no-cssgrid .blog-shortcode.blog-masonry-shortcode-id-38a2555a0c6e02ef28f4a2eac710c2f6.resize-by-browser-width .dt-css-grid .wf-cell.double-width {\n    width: calc(100%)*2;\n  }\n}\n@media screen and (max-width: 991px) {\n  .blog-shortcode.blog-masonry-shortcode-id-38a2555a0c6e02ef28f4a2eac710c2f6.resize-by-browser-width .dt-css-grid {\n    grid-template-columns: repeat(1,1fr);\n  }\n  .cssgridlegacy.no-cssgrid .blog-shortcode.blog-masonry-shortcode-id-38a2555a0c6e02ef28f4a2eac710c2f6.resize-by-browser-width .dt-css-grid .wf-cell,\n  .no-cssgridlegacy.no-cssgrid .blog-shortcode.blog-masonry-shortcode-id-38a2555a0c6e02ef28f4a2eac710c2f6.resize-by-browser-width .dt-css-grid .wf-cell {\n    width: 100%;\n  }\n  .cssgridlegacy.no-cssgrid .blog-shortcode.blog-masonry-shortcode-id-38a2555a0c6e02ef28f4a2eac710c2f6.resize-by-browser-width .dt-css-grid .wf-cell.double-width,\n  .no-cssgridlegacy.no-cssgrid .blog-shortcode.blog-masonry-shortcode-id-38a2555a0c6e02ef28f4a2eac710c2f6.resize-by-browser-width .dt-css-grid .wf-cell.double-width {\n    width: calc(100%)*2;\n  }\n}\n@media screen and (max-width: 767px) {\n  .blog-shortcode.blog-masonry-shortcode-id-38a2555a0c6e02ef28f4a2eac710c2f6.resize-by-browser-width .dt-css-grid {\n    grid-template-columns: repeat(1,1fr);\n  }\n  .blog-shortcode.blog-masonry-shortcode-id-38a2555a0c6e02ef28f4a2eac710c2f6.resize-by-browser-width .dt-css-grid .double-width {\n    grid-column: span 1;\n  }\n  .cssgridlegacy.no-cssgrid .blog-shortcode.blog-masonry-shortcode-id-38a2555a0c6e02ef28f4a2eac710c2f6.resize-by-browser-width .dt-css-grid .wf-cell,\n  .no-cssgridlegacy.no-cssgrid .blog-shortcode.blog-masonry-shortcode-id-38a2555a0c6e02ef28f4a2eac710c2f6.resize-by-browser-width .dt-css-grid .wf-cell {\n    width: 100%;\n  }\n  .cssgridlegacy.no-cssgrid .blog-shortcode.blog-masonry-shortcode-id-38a2555a0c6e02ef28f4a2eac710c2f6.resize-by-browser-width .dt-css-grid .wf-cell.double-width,\n  .no-cssgridlegacy.no-cssgrid .blog-shortcode.blog-masonry-shortcode-id-38a2555a0c6e02ef28f4a2eac710c2f6.resize-by-browser-width .dt-css-grid .wf-cell.double-width {\n    width: calc(100%)*2;\n  }\n}\n<\/style><div class=\"blog-shortcode blog-masonry-shortcode-id-38a2555a0c6e02ef28f4a2eac710c2f6 mode-grid classic-layout-list jquery-filter scale-img meta-info-off dt-css-grid-wrap dt-icon-bg-off resize-by-browser-width loading-effect-none description-under-image\" data-padding=\"15px\" data-cur-page=\"1\" data-post-limit=\"-1\" data-pagination-mode=\"none\" data-desktop-columns-num=\"1\" data-v-tablet-columns-num=\"1\" data-h-tablet-columns-num=\"1\" data-phone-columns-num=\"1\" data-width=\"0px\" data-columns=\"0\"><div class=\"dt-css-grid\" ><\/div><!-- iso-container|iso-grid --><\/div><\/div><\/div><\/div><\/div>\n<\/div>","protected":false},"excerpt":{"rendered":"<p>Mul\u021bumim pentru interesul t\u0103u, dar \u00een acest moment nu exist\u0103 apeluri deschise \u00een aceast\u0103 sec\u021biune. Te invit\u0103m s\u0103 treci \u00een revist\u0103 al treilea apel pentru cereri de finan\u021bare din cadrul fondului pentru rela\u021bii bilaterale &#8211;\u00a0\u00a0https:\/\/activecitizensfund.ro\/al-treilea-apel-pentru-cereri-de-finantare-din-cadrul-fondului-pentru-relatii-bilaterale\/<\/p>","protected":false},"author":1,"featured_media":0,"parent":0,"menu_order":0,"comment_status":"closed","ping_status":"closed","template":"","meta":{"footnotes":""},"class_list":["post-54916","page","type-page","status-publish","hentry","description-off"],"_links":{"self":[{"href":"http:\/\/activecitizensfund.ro\/en\/wp-json\/wp\/v2\/pages\/54916","targetHints":{"allow":["GET"]}}],"collection":[{"href":"http:\/\/activecitizensfund.ro\/en\/wp-json\/wp\/v2\/pages"}],"about":[{"href":"http:\/\/activecitizensfund.ro\/en\/wp-json\/wp\/v2\/types\/page"}],"author":[{"embeddable":true,"href":"http:\/\/activecitizensfund.ro\/en\/wp-json\/wp\/v2\/users\/1"}],"replies":[{"embeddable":true,"href":"http:\/\/activecitizensfund.ro\/en\/wp-json\/wp\/v2\/comments?post=54916"}],"version-history":[{"count":40,"href":"http:\/\/activecitizensfund.ro\/en\/wp-json\/wp\/v2\/pages\/54916\/revisions"}],"predecessor-version":[{"id":57975,"href":"http:\/\/activecitizensfund.ro\/en\/wp-json\/wp\/v2\/pages\/54916\/revisions\/57975"}],"wp:attachment":[{"href":"http:\/\/activecitizensfund.ro\/en\/wp-json\/wp\/v2\/media?parent=54916"}],"curies":[{"name":"wp","href":"https:\/\/api.w.org\/{rel}","templated":true}]}}