{"id":55491,"date":"2020-01-27T12:25:49","date_gmt":"2020-01-27T10:25:49","guid":{"rendered":"https:\/\/activecitizensfund.ro\/?page_id=55491"},"modified":"2021-09-08T11:31:27","modified_gmt":"2021-09-08T08:31:27","slug":"bilaterale","status":"publish","type":"page","link":"https:\/\/activecitizensfund.ro\/en\/bilaterale\/","title":{"rendered":"Bilaterals"},"content":{"rendered":"<div class=\"wpb-content-wrapper\"><div class=\"vc_row wpb_row vc_row-fluid dt-default\" style=\"margin-top: 0px;margin-bottom: 0px\"><div class=\"wpb_column vc_column_container vc_col-sm-12\"><div class=\"vc_column-inner\"><div class=\"wpb_wrapper\">\n\t<div class=\"wpb_text_column wpb_content_element\" >\n\t\t<div class=\"wpb_wrapper\">\n\t\t\t<p>As part of the Active Citizens Fund Romania, the <strong>Fund for Bilateral Relations<\/strong> aims to strenghten <strong>bilateral relations between Romania and the Donor States Iceland, Liechtenstein and Norway.<\/strong>The Fund for Bilateral Relations supports activities aiming at <strong>strengthening bilateral relations<\/strong> between civil society organizations and other entities from Romania and the Donor States, <strong>the search for partners for donor partnership projects<\/strong> prior to or during the preparation of a project application, the development of such partnerships and the preparation of an application for donor partnership project, <strong>networking, exchange, sharing and transfer of knowledge, technology, experience and best practice <\/strong>between civil society organizations and other entities from Romania and Donor States.<\/p>\n\n\t\t<\/div>\n\t<\/div>\n<div class=\"vc_empty_space\"   style=\"height: 32px\"><span class=\"vc_empty_space_inner\"><\/span><\/div>\n\t<div class=\"wpb_text_column wpb_content_element\" >\n\t\t<div class=\"wpb_wrapper\">\n\t\t\t<h5>The Fund for Bilateral Relations focuses on achieving two strategic targets:<\/h5>\n\n\t\t<\/div>\n\t<\/div>\n<div class=\"standard-arrow list-divider bullet-top\"><ul>\n<li>Support to Donor State entities to get involved in projects by taking a more active role in setting the basis for a more facile and meaningful collaboration during different stages of the Program;<\/li>\n<li>Increase visibility and acknowledgment of results and impact generated by the Economic European Area (EEA) support among public and key stakeholders in donor states by playing a more active role in documenting the involvement of Donor State partners in financed projects so that results, benefits and sustainability perspectives are consistently promoted.<\/li>\n<\/ul>\n<\/div><div class=\"vc_empty_space\"   style=\"height: 32px\"><span class=\"vc_empty_space_inner\"><\/span><\/div><div class=\"vc_tta-container\" data-vc-action=\"collapseAll\"><div class=\"vc_general vc_tta vc_tta-accordion vc_tta-color-grey vc_tta-style-classic vc_tta-shape-square vc_tta-o-shape-group vc_tta-controls-align-default vc_tta-o-all-clickable\"><div class=\"vc_tta-panels-container\"><div class=\"vc_tta-panels\"><div class=\"vc_tta-panel\" id=\"1615546949854-f98ea3df-1fc3\" data-vc-content=\".vc_tta-panel-body\"><div class=\"vc_tta-panel-heading\"><h4 class=\"vc_tta-panel-title vc_tta-controls-icon-position-left\"><a href=\"#1615546949854-f98ea3df-1fc3\" data-vc-accordion data-vc-container=\".vc_tta-container\"><span class=\"vc_tta-title-text\">Are you looking for a partner in Iceland, Liechtenstein or Norway?<\/span><i class=\"vc_tta-controls-icon vc_tta-controls-icon-plus\"><\/i><\/a><\/h4><\/div><div class=\"vc_tta-panel-body\">\n\t<div  class=\"wpb_single_image wpb_content_element vc_align_left  wpb_animate_when_almost_visible wpb_fadeInDown fadeInDown\">\n\t\t\n\t\t<figure class=\"wpb_wrapper vc_figure\">\n\t\t\t<div class=\"vc_single_image-wrapper   vc_box_border_grey\"><img loading=\"lazy\" decoding=\"async\" width=\"4000\" height=\"4000\" src=\"https:\/\/activecitizensfund.ro\/wp-content\/uploads\/2021\/03\/infografic-fdsc-bilateral-02.png\" class=\"vc_single_image-img attachment-full\" alt=\"\" title=\"infografic-fdsc-bilateral-01\" srcset=\"https:\/\/activecitizensfund.ro\/wp-content\/uploads\/2021\/03\/infografic-fdsc-bilateral-02.png 4001w, https:\/\/activecitizensfund.ro\/wp-content\/uploads\/2021\/03\/infografic-fdsc-bilateral-02-300x300.png 300w, https:\/\/activecitizensfund.ro\/wp-content\/uploads\/2021\/03\/infografic-fdsc-bilateral-02-1024x1024.png 1024w, https:\/\/activecitizensfund.ro\/wp-content\/uploads\/2021\/03\/infografic-fdsc-bilateral-02-150x150.png 150w, https:\/\/activecitizensfund.ro\/wp-content\/uploads\/2021\/03\/infografic-fdsc-bilateral-02-768x768.png 768w, https:\/\/activecitizensfund.ro\/wp-content\/uploads\/2021\/03\/infografic-fdsc-bilateral-02-1536x1536.png 1536w, https:\/\/activecitizensfund.ro\/wp-content\/uploads\/2021\/03\/infografic-fdsc-bilateral-02-2048x2048.png 2048w, https:\/\/activecitizensfund.ro\/wp-content\/uploads\/2021\/03\/infografic-fdsc-bilateral-02-12x12.png 12w\" sizes=\"auto, (max-width: 4000px) 100vw, 4000px\"  data-dt-location=\"https:\/\/activecitizensfund.ro\/en\/bilaterale\/infografic-fdsc-bilateral-01\/\" \/><\/div>\n\t\t<\/figure>\n\t<\/div>\n<h5 style=\"text-align: left\" class=\"vc_custom_heading vc_do_custom_heading\" >Steps to find a partner in Iceland, Liechtenstein or Norway:<\/h5><div class=\"standard-number-list list-divider bullet-top\"><ul>\n<li>Fill in the document available\u00a0<a href=\"https:\/\/activecitizensfund.ro\/wp-content\/uploads\/2020\/01\/Search-for-Partner_Romania.docx\" target=\"_blank\" rel=\"noopener\">here, <\/a>\u00a0for support in finding potential partners from donor states<strong>\u00a0<\/strong>Iceland, Liechtenstein or Norway and send it to us at <a href=\"mailto:bilateral@fdsc.ro\">bilateral@fdsc.ro<\/a><\/li>\n<li>Check the Norwegian Helsinki Committee partners database: <a href=\"https:\/\/activecitizensfund.no\/partners\">https:\/\/activecitizensfund.no\/partners<\/a><\/li>\n<li>Check out and participate in the international matchmaking events we organize: <a href=\"https:\/\/activecitizensfund.ro\/en\/evenimente-bilaterale\/\">https:\/\/activecitizensfund.ro\/evenimente-bilaterale<\/a><\/li>\n<li>#Haide, join our Facebook group dedicated to international partnerships: <a href=\"https:\/\/www.facebook.com\/groups\/acfromaniainternational\">https:\/\/www.facebook.com\/groups\/acfromaniainternational<\/a><\/li>\n<li>Contact us at +40 (0) 745.122.19, email: <a href=\"mailto:bilateral@fdsc.ro\">bilateral@fdsc.ro<\/a> for any additional info on bilateral partnerships<\/li>\n<li>#Haide to Helpdesk #bilateral between 29 March - 9 April 2021\u00a0<a href=\"https:\/\/activecitizensfund.ro\/en\/haide-la-helpdesk-bilateral-29-martie-09-aprilie-2021\/\">https:\/\/activecitizensfund.ro\/en\/haide-la-helpdesk-bilateral-29-martie-09-aprilie-2021<\/a><\/li>\n<\/ul>\n<\/div><\/div><\/div><\/div><\/div><\/div><\/div><div class=\"vc_empty_space\"   style=\"height: 32px\"><span class=\"vc_empty_space_inner\"><\/span><\/div>\n\t<div class=\"wpb_text_column wpb_content_element\" >\n\t\t<div class=\"wpb_wrapper\">\n\t\t\t<h5>Over the whole period of implementation of the Active Citizens Fund Romania, the main actions envisaged to be developed under the Funds for Bilateral Relations include:<\/h5>\n\n\t\t<\/div>\n\t<\/div>\n<div class=\"standard-arrow list-divider bullet-top\"><ul>\n<li>Two <strong>Calls for Proposals<\/strong> \u00a0aimed at developing sustainable partnerships and preparing and submitting an application for a donor partnership project under ACF Romania:\n<ul>\n<li>Call for Proposals no. 1 \u2013 launched on: September 04, 2019; financial allocation \u2013 75,000 Euro. Details available here: <a href=\"https:\/\/activecitizensfund.ro\/en\/rezultate-selectie-apel-1-2019-bilaterale\/\">https:\/\/activecitizensfund.ro\/en\/rezultate-selectie-apel-1-2019-bilaterale\/<\/a><\/li>\n<li>Call for Proposals no. 2 \u2013 launched on: January 20, 2020; financial allocation \u2013 77,005 Euro. Details of the ongoing call available here: <a href=\"https:\/\/activecitizensfund.ro\/en\/apel2-bilaterale\/\">https:\/\/activecitizensfund.ro\/en\/apel2-bilaterale\/<\/a><\/li>\n<\/ul>\n<\/li>\n<li><strong>Matchmaking seminars<\/strong> and thematic workshops, involving Romanian organizations and potential partners from Donor States, announced at <strong><a href=\"https:\/\/activecitizensfund.ro\/en\/evenimente-bilaterale\/\">EVENTS:<\/a><\/strong>\n<ul>\n<li>Matchmaking seminars organized throughout 2021<\/li>\n<li>Online matchmaking seminars organized in September - December 2020<\/li>\n<li>Matchmaking seminar organized in Bucharest, Romania, in August - September 2020<\/li>\n<li>Thematic workshop organized in Bucharest, Romania, February 11 \u2013 14, 2020<\/li>\n<li>Matchmaking seminar organized in Sandefjord, Norway, January 20 \u2013 22, 2020<\/li>\n<li>Matchmaking seminar organized in Bucharest, Romania, October 9 -11, 2019<\/li>\n<\/ul>\n<\/li>\n<li><strong>Study visits<\/strong>\u00a0organized by the Program Operator especially in Donor States. Tentative themes refer to: human rights, social inclusion issues and social services provision model; youth participation; environment protection etc.<\/li>\n<li><strong>Seminars and expert thematic workshops<\/strong>\u00a0to facilitate debates, and exchange of models\/ practices and further develop on how to take project results further, organized by the Program Operator.<\/li>\n<\/ul>\n<\/div>\n\t<div class=\"wpb_text_column wpb_content_element\" >\n\t\t<div class=\"wpb_wrapper\">\n\t\t\t<h5>To facilitate the identification of organisations in donor countries, the Civil Society Development Foundation is working with two important bilateral partners:<\/h5>\n\n\t\t<\/div>\n\t<\/div>\n<div class=\"standard-arrow list-divider bullet-top\"><ul>\n<li><a href=\"https:\/\/www.nhc.no\/en\/frontpage\/?fbclid=IwAR07h-RpDUoW_ebuEjXIiNokfojgtnVxJsq6HbG_FkdRDx4NNyuYoF_5Q48\"><strong>the Norwegian Helsinki Committee<\/strong><\/a><\/li>\n<li><a href=\"http:\/\/www.humanrights.is\/english\/\"><strong>Icelandic Human Rights Centre<\/strong><\/a><\/li>\n<\/ul>\n<\/div>\n\t<div class=\"wpb_text_column wpb_content_element\" >\n\t\t<div class=\"wpb_wrapper\">\n\t\t\t<p>All organizations and activities funded and supported shall be based on the common values of respect of human dignity, freedom, democracy, equality, the rule of law and the respect for human rights for all. All activities supported by the Fund shall follow the principles of good governance - they shall be participatory and inclusive, transparent, effective and efficient. There shall be zero-tolerance towards corruption. All activities supported by the Fund shall be in line with the principles of sustainable development, long-term economic growth, social cohesion and environmental protection.<\/p>\n\n\t\t<\/div>\n\t<\/div>\n<\/div><\/div><\/div><\/div>\n<\/div>","protected":false},"excerpt":{"rendered":"<p>Parte a programului Active Citizens Fund Rom\u00e2nia, Fondul pentru Rela\u021bii Bilaterale \u00ee\u0219i propune s\u0103 contribuie la \u00eent\u0103rirea rela\u021biilor bilaterale dintre Rom\u00e2nia \u0219i statele donatoare Islanda, Liechtenstein \u0219i Norvegia. Fondul pentru Rela\u021bii Bilaterale sprijin\u0103 activit\u0103\u021bi care vizeaz\u0103 consolidarea rela\u021biilor bilaterale \u00eentre organiza\u021biile societ\u0103\u021bii civile \u0219i alte entit\u0103\u021bi din Rom\u00e2nia \u0219i statele donatoare, c\u0103utarea de parteneri pentru&hellip;<\/p>","protected":false},"author":1,"featured_media":0,"parent":0,"menu_order":0,"comment_status":"closed","ping_status":"closed","template":"","meta":{"footnotes":""},"class_list":["post-55491","page","type-page","status-publish","hentry","description-off"],"_links":{"self":[{"href":"https:\/\/activecitizensfund.ro\/en\/wp-json\/wp\/v2\/pages\/55491","targetHints":{"allow":["GET"]}}],"collection":[{"href":"https:\/\/activecitizensfund.ro\/en\/wp-json\/wp\/v2\/pages"}],"about":[{"href":"https:\/\/activecitizensfund.ro\/en\/wp-json\/wp\/v2\/types\/page"}],"author":[{"embeddable":true,"href":"https:\/\/activecitizensfund.ro\/en\/wp-json\/wp\/v2\/users\/1"}],"replies":[{"embeddable":true,"href":"https:\/\/activecitizensfund.ro\/en\/wp-json\/wp\/v2\/comments?post=55491"}],"version-history":[{"count":24,"href":"https:\/\/activecitizensfund.ro\/en\/wp-json\/wp\/v2\/pages\/55491\/revisions"}],"predecessor-version":[{"id":57028,"href":"https:\/\/activecitizensfund.ro\/en\/wp-json\/wp\/v2\/pages\/55491\/revisions\/57028"}],"wp:attachment":[{"href":"https:\/\/activecitizensfund.ro\/en\/wp-json\/wp\/v2\/media?parent=55491"}],"curies":[{"name":"wp","href":"https:\/\/api.w.org\/{rel}","templated":true}]}}