{"id":55751,"date":"2020-06-09T13:35:55","date_gmt":"2020-06-09T11:35:55","guid":{"rendered":"https:\/\/activecitizensfund.ro\/?page_id=55751"},"modified":"2020-07-14T15:27:39","modified_gmt":"2020-07-14T13:27:39","slug":"termeni-si-conditii","status":"publish","type":"page","link":"https:\/\/activecitizensfund.ro\/en\/termeni-si-conditii\/","title":{"rendered":"Terms and Conditions"},"content":{"rendered":"<div class=\"wpb-content-wrapper\"><div class=\"vc_row wpb_row vc_row-fluid dt-default\" style=\"margin-top: 0px;margin-bottom: 0px\"><div class=\"wpb_column vc_column_container vc_col-sm-12\"><div class=\"vc_column-inner\"><div class=\"wpb_wrapper\"><div class=\"vc_btn3-container vc_btn3-inline\" ><a class=\"vc_general vc_btn3 vc_btn3-size-lg vc_btn3-shape-square vc_btn3-style-modern vc_btn3-color-primary\" href=\"https:\/\/activecitizensfund.ro\/wp-content\/uploads\/2020\/06\/Termeni-si-Conditii-de-utilizare-site.pdf\" title=\"\">DESCARC\u0102 PDF<\/a><\/div><div class=\"vc_empty_space\"   style=\"height: 32px\"><span class=\"vc_empty_space_inner\"><\/span><\/div>\n\t<div class=\"wpb_text_column wpb_content_element \" >\n\t\t<div class=\"wpb_wrapper\">\n\t\t\t<p>Site-ul <a href=\"http:\/\/www.activecitizensfund.ro\/\">www.activecitizensfund.ro<\/a> este proprietatea Funda\u021biei pentru Dezvoltarea Societ\u0103\u021bii Civile (FDSC) cu sediul \u00een Bulevardul Nerva Traian, nr.21, Sector 3, Bucure\u0219ti, \u00eenregistrat\u0103 la Judec\u0103toria sector 2 \u00een baza Hot\u0103r\u00e2rii Judec\u0103tore\u0219ti nr. 111 din data de 21.12.1994, cod fiscal RO14476331 \u0219i poate fi contactat\u0103 pe adresa de e-mail: acf@fdsc.ro. Pe parcursul acestor termeni \u0219i condi\u021bii ne vom referi la site \u0219i prin sintagma \u201cactivecitizensfund.ro\u201d. Accesul \u0219i utilizarea site-ului se face sub inciden\u021ba acestor reguli, \u00een termenii \u0219i condi\u021biile de mai jos precum \u0219i cu respectarea legisla\u021biei \u00een vigoare.<\/p>\n<p>Utilizarea site-ului ca\u00a0\u0219i vizitator \u0219i accesul la informa\u021biile oferite de acesta presupune implicit c\u0103 a\u021bi citit, \u00een\u021beles \u0219i acceptat integral termenii \u0219i condi\u021biile de utilizare ale site-ului, cu toate consecin\u021bele care decurg din acceptarea acestora. Prin termenul &#8222;utilizator&#8221; al site-ului se \u00een\u021belege orice &#8222;vizitator&#8221; care acceseaz\u0103 site-ul activecitizensfund.ro.<\/p>\n<p>Funda\u021bia pentru Dezvoltarea Societ\u0103\u021bii Civile \u00ee\u0219i rezerv\u0103 dreptul de a modifica, revizui, completa aceste reguli, f\u0103r\u0103 notificarea prealabil\u0103 a utilizatorilor, \u00een orice moment. Orice modificare va fi f\u0103cut\u0103 public\u0103 \u00een aceast\u0103 pagin\u0103 \u0219i va intr\u0103 efectiv \u00een vigoare din momentul public\u0103rii ei pe site. Utilizatorii vor avea acces permanent la termenii \u0219i condi\u021biile pentru utilizarea serviciilor pentru a le putea consulta \u00een orice moment.<\/p>\n<p><strong>1.Descrierea serviciului<\/strong><\/p>\n<p>Site-ul\u00a0<a href=\"http:\/\/www.activecitizensfund.ro\/\">www.activecitizensfund.ro<\/a> asigur\u0103 servicii de informare cu privire la programul Active Citizens Fund Rom\u00e2nia, implementat de c\u0103tre Funda\u021bia pentru Dezvoltarea Societ\u0103\u021bii Civile, Funda\u021bia pentru Parteneriat, Centru de Resurse pentru Comunit\u0103\u021bile de Romi, Funda\u021bia Pact \u0219i Frivillighet Norge.<\/p>\n<p>Site-ul\u00a0<a href=\"http:\/\/www.activecitizensfund.ro\/\">www.activecitizensfund.ro<\/a> \u00ee\u0219i rezerv\u0103 dreptul de a restric\u021biona utilizarea oric\u0103rui serviciu al site-ului \u00een interes comercial. Prin utilizarea site-ului\u00a0<a href=\"http:\/\/www.activecitizensfund.ro\/\">www.activecitizensfund.ro<\/a> sunte\u021bi de acord s\u0103 nu folosi\u021bi nici un sistem automat care acceseaz\u0103 site-ul \u0219i solicit\u0103 un num\u0103r de cereri nejustificat de mare, mai mare decat cele solicitate de un vizitator\/utilizator obi\u0219nuit.<\/p>\n<p>Spa\u021biile \u0219i dimensiunea campaniilor publicitare \u0219i promo\u021biilor nu necesit\u0103 acordul vizitatorilor sau utilizatorilor site-ului \u0219i poate fi schimbat oric\u00e2nd f\u0103r\u0103 a necesita anun\u021barea prealabil\u0103.<br \/>\n<a href=\"http:\/\/www.activecitizensfund.ro\/\">www.activecitizensfund.ro<\/a> nu \u00ee\u0219i asum\u0103 responsabilitatea pentru prejudiciile sau pierderile rezultate din campaniile publicitare sau promo\u021biile organizate \u00een site, altele decat cele organizate strict de <a href=\"http:\/\/www.activecitizensfund.ro\/\">www.activecitizensfund.ro<\/a>.<\/p>\n<ol start=\"2\">\n<li><strong> Acces<\/strong><\/li>\n<\/ol>\n<p>Scopul permis pentru utilizarea site-ului este ob\u021binerea de informa\u021bii \u0219i accesul la serviciile oferite prin intermediul acestuia. Orice utilizare \u00een alte scopuri dec\u00e2t acesta nu este permis\u0103. Pentru a ob\u021bine acces la site \u0219i la serviciile \u0219i informa\u021biile puse la dispozi\u021bie prin intermediul acestuia trebuie s\u0103 ob\u021bine\u021bi acces la World Wide Web, direct sau cu ajutorul altor dispozitive prin care se pot accesa servicii Internet, pl\u0103tind orice tax\u0103 asociat\u0103 cu acest acces. \u00cen plus, trebuie s\u0103 ave\u021bi la dispozi\u021bie tot echipamentul necesar pentru a realiza aceast\u0103 conexiune la World Wide Web, inclusiv un computer \u0219i un modem sau alt echipament de acces. Funda\u021bia pentru Dezvoltarea Societ\u0103\u021bii Civile nu \u00ee\u0219i asum\u0103 responsabilitatea pentru securitatea acestui site sau a liniei dvs. de comunicare cu acesta. Prin termenul \u201evizitator\u201d al site-ului se \u00een\u021belege orice persoan\u0103 fizic\u0103 sau juridic\u0103 care va accesa site-ul.<\/p>\n<ol start=\"3\">\n<li><strong> Drepturi de autor, marc\u0103 \u0219i proprietate intelectual\u0103<\/strong><\/li>\n<\/ol>\n<p>Con\u021binutul portalului este proprietatea Funda\u021biei pentru Dezvoltarea Societ\u0103\u021bii Civile \u0219i a partenerilor care vor fi cita\u021bi ca surs\u0103 de con\u021binut \u0219i nu poate fi preluat, difuzat, v\u00e2ndut sau rev\u00e2ndut dec\u00e2t cu acordul scris al organiza\u021biei. \u00cen cazul \u00een care dori\u021bi s\u0103 prelua\u021bi orice tip de con\u021binut de pe site-ul <a href=\"applewebdata:\/\/88DB4BAB-F66A-4184-B983-128D59F7C436\/www.activecitizensfund.ro\">www.activecitizensfund.ro<\/a>, ne pute\u021bi contacta pe adresa acf[at]fdsc.ro. activecitizensfund.ro\u00a0\u00ee\u0219i rezerv\u0103 dreptul de a modifica sau de a ad\u0103uga noi reguli \u0219i restric\u021bii \u00een ceea ce prive\u0219te con\u021binutul site-ului, \u00een orice moment activecitizensfund.ro\u00a0\u00ee\u0219i rezerv\u0103 dreptul de a modific\u0103 sau actualiza orice serviciu sau drept de utilizare al oric\u0103rui serviciu, \u00een orice moment f\u0103r\u0103 un anun\u021b prealabil. Utilizatorii nu vor modifica nici o parte din acest site \u00een afar\u0103 de ceea ce este necesar pentru utilizarea corespunz\u0103toare a site-ului cu scopul \u00een care a fost creat. Astfel, \u00een zonele din site care permit ad\u0103ugarea con\u021binutului de c\u0103tre utilizatori, ace\u0219tia vor introduce \/ \u00eenc\u0103rca pe site con\u021binut care respect\u0103 strict formatul \u0219i dimensiunile indicate \u00een respectiva rubric\u0103. \u00cen cazul \u00een care identifica\u021bi materiale care lezeaz\u0103 drepturile de autor sau pe care le considera\u021bi indecente, ilegale sau imorale, va rug\u0103m s\u0103 trimite\u021bi un email la adresa acf[at]fdsc.ro.<\/p>\n<ol start=\"4\">\n<li><strong> Reguli de utilizare<\/strong><\/li>\n<\/ol>\n<p>Sunte\u021bi de acord s\u0103 nu folosi\u021bi serviciile puse la dispozi\u021bie de site-ul\u00a0www.activecitizensfund.ro pentru a:<\/p>\n<ul>\n<li>pretinde c\u0103 sunte\u021bi o alt\u0103 persoan\u0103 sau institu\u021bie, sau s\u0103\u00a0 indica\u021bi \u00een mod fals afilierea cu o anumit\u0103 persoan\u0103 sau institu\u021bie;<\/li>\n<li>falsifica datele de identificare sau s\u0103 le manipula\u021bi \u00een alt mod, cu scopul de a deghiza sau ascunde originea oric\u0103rui con\u021binut transmis prin intermediul platformei.<\/li>\n<\/ul>\n<p>Sunt interzise:<\/p>\n<ul>\n<li>\u00cencercarea de a interveni, prin orice mijloace, \u00een con\u021binutul acestui site, \u0219tergerea sau modificarea prin orice mijloace a materialelor \u0219i informa\u021biilor publicate, sau \u00eencercarea de a ac\u021biona \u00een acest scop.<\/li>\n<li>Scanarea, sondarea sau testarea vulnerabilit\u0103\u021bii oric\u0103rui sistem din re\u021beaua Funda\u021biei pentru Dezvoltarea Societ\u0103\u021btii Civile sau accesarea oric\u0103ror servere sau servicii din re\u021beaua\u00a0www.activectizensfund.ro care nu sunt publice, f\u0103r\u0103 autoriza\u021bie explicit\u0103, \u00een scris, din partea Funda\u021biei pentru Dezvoltarea Societ\u0103\u021bii Civile precum \u0219i \u00eencercarea de a ac\u021biona \u00een acest scop.<\/li>\n<li>Interven\u021bia \u00een func\u021bionarea serverelor de hosting sau \u00een re\u021beaua Funda\u021biei pentru Dezvoltarea Societ\u0103\u021bii Civile prin orice mijloace, inclusiv atacarea acestora prin \u201eflooding\u201d sau \u201eDOS\u201d.<\/li>\n<\/ul>\n<p>Violarea oric\u0103rei dintre aceste reguli atrage dup\u0103 sine r\u0103spunderea civil\u0103 sau penal\u0103. Funda\u021bia pentru Dezvoltarea Societ\u0103\u021bii Civile va coopera cu autorit\u0103\u021bile pentru prevenirea sau \u00eempiedicarea unor astfel de \u00eenc\u0103lc\u0103ri \u0219i pentru a investiga faptele care implic\u0103 asemenea \u00eenc\u0103lc\u0103ri. Perturbarea, f\u0103r\u0103 drept, a func\u021bion\u0103rii sistemului informatic, prin introducerea de date false, transmiterea, modificarea, \u0219tergerea sau deteriorarea datelor informatice sau prin restric\u021bionarea accesului la aceste date constituie infrac\u021biune \u0219i se pedepse\u0219te conform Legii 161\/2003 (SEC\u021aIUNEA 1 Infrac\u021biuni contra confiden\u021bialit\u0103\u021bii \u0219i integrit\u0103\u021bii datelor \u0219i sistemelor informatice \/ art. 45). Utilizatorul este pe deplin responsabil pentru corectitudinea \u0219i conformitatea informa\u021biilor furnizate c\u0103tre FDSC.<\/p>\n<ol start=\"5\">\n<li><strong> Disponibilitatea serviciului<\/strong><\/li>\n<\/ol>\n<p>Activecitizensfund.ro\u00a0\u00ee\u0219i rezerv\u0103 dreptul de a modifica sau de a \u00eentrerupe, temporar sau permanent, par\u021bial sau \u00een totalitate, serviciile puse la dispozi\u021bia vizitatorilor \u0219i a utilizatorilor prin intermediul acestui site, f\u0103r\u0103 o notificare prealabil\u0103. Activecitizensfund.ro nu este r\u0103spunz\u0103tor fa\u021b\u0103 de utilizatori, orice ter\u021b\u0103 persoan\u0103 fizic\u0103 sau juridic\u0103 sau institu\u021bie pentru modificarea, suspendarea sau \u00eentreruperea serviciilor disponibile prin intermediul site-ului pentru motive care nu-i pot fi imputate. Activecitizensfund.ro poate schimba \u00een orice moment con\u021binutul \u0219i condi\u021biile de folosire a site-ului. Noile condi\u021bii devin valabile \u00een momentul \u00een care au fost f\u0103cute publice prin afi\u0219are pe acest site. \u00cen cazul \u00een care exist\u0103 dificult\u0103\u021bi de ordin tehnic, vizitatorii\/utilizatorii afl\u00e2ndu-se \u00een imposibilitatea de a aplica la una dintre liniile de finan\u021bare gestionate de Funda\u021bia pentru Dezvoltarea Societ\u0103\u021bii Civile, acestea trebuie semnalate administratorilor site-ului.<\/p>\n<ol start=\"6\">\n<li><strong> Absolvirea de r\u0103spundere<\/strong><\/li>\n<\/ol>\n<p>Accept\u00e2nd s\u0103 utiliza\u021bi acest site, declara\u021bi \u00een mod expres \u0219i implicit c\u0103 \u00een\u021belege\u021bi \u0219i c\u0103 sunte\u021bi de acord cu urm\u0103toarele:<\/p>\n<ul>\n<li>Utilizarea site-ului se face pe propria r\u0103spundere;<\/li>\n<li>FDSC nu ofer\u0103 nicio garan\u021bie c\u0103:<\/li>\n<\/ul>\n<ul>\n<li>informa\u021biile prezentate pe site vor \u00eemplini toate cerin\u021bele dumneavoastr\u0103;<\/li>\n<li>serviciile vor fi ne\u00eentrerupte, la timp, sigure sau f\u0103r\u0103 erori;<\/li>\n<li>rezultatele ce se vor putea ob\u021bine din folosirea informa\u021biilor site-ului vor fi<\/li>\n<\/ul>\n<p>\u00eentotdeauna corecte sau de \u00eencredere;<\/p>\n<ul>\n<li>orice eroare de programare va fi corectat\u0103.<\/li>\n<\/ul>\n<ul>\n<li>Utilizatorul este singura persoan\u0103 responsabil\u0103 de eventualele distrugeri cauzate sistemelor de calcul sau re\u021belei de pe care acceseaz\u0103 site-ul sau de orice alte pierderi de date, care ar putea fi rezultatul desc\u0103rc\u0103rii de informa\u021bii \u0219i servicii din con\u021binutului site-ului. Niciun sfat sau alte informa\u021bii orale sau scrise, ob\u021binute de la site sau prin intermediul serviciilor site-ului nu constituie o garan\u021bie, dac\u0103 nu este stipulat\u0103 expres \u00een termenii \u0219i condi\u021biile de utilizare.<\/li>\n<\/ul>\n<ol start=\"7\">\n<li><strong> Limitarea r\u0103spunderii<\/strong><\/li>\n<\/ol>\n<p>Funda\u021bia pentru Dezvoltarea Societ\u0103\u021bii Civile nu va fi r\u0103spunz\u0103toare pentru niciun fel de pagube directe, indirecte, accidentale, speciale, inclusiv, dar nu limitat la, pagube pentru pierderi de profit, bun\u0103voin\u021ba, posibilit\u0103\u021bii de folosire, date sau alte pierderi intangibile sau incomensurabile (chiar dac\u0103 Funda\u021bia pentru Dezvoltarea Societ\u0103\u021bii Civile a fost informat\u0103 anterior de posibilitatea apari\u021biei unor asemenea pierderi), rezult\u00e2nd din:<\/p>\n<ul>\n<li>utilizarea sau imposibilitatea utiliz\u0103rii site-ului;<\/li>\n<li>acces neautorizat la, sau deteriorarea transmisiilor sau datelor utilizatorului;<\/li>\n<li>declara\u021bii sau ac\u021biuni ale oric\u0103rei ter\u021be p\u0103r\u021bi asupra serviciilor site-ului;<\/li>\n<li>orice alt\u0103 problem\u0103 legat\u0103 de serviciile site-ului.<\/li>\n<\/ul>\n<p>Pentru sec\u021biunile site-ului care pot cuprinde opinii ale cititorilor, r\u0103spunderea asupra con\u021binutului opiniilor revine \u00een \u00eentregime autorilor acestora. Activecitizensfund.ro\u00a0\u00ee\u0219i rezerv\u0103 dreptul de a \u0219terge de pe site acele opinii care contravin termenilor \u0219i condi\u021biilor de utilizare a site-ului sau pe care le consider\u0103 d\u0103un\u0103toare, sub orice form\u0103, propriei imagini, partenerilor sau ter\u021bilor. Acest site este oferit \u00een aceast\u0103 form\u0103 f\u0103r\u0103 alte garan\u021bii. Funda\u021bia pentru Dezvoltarea Societ\u0103\u021bii Civile nu este \u0219i nu poate fi responsabil\u0103 pentru nepotriviri, indisponibilit\u0103\u021bi sau alte defecte ale acestui site sau ale con\u021binutului s\u0103u.<\/p>\n<ol start=\"8\">\n<li><strong> Politica de Cookies<\/strong><\/li>\n<\/ol>\n<p>Site-ul folose\u0219te &#8222;cookies&#8221; pentru a identifica utilizatorii. Acestea nu con\u021bin niciun fel de date personale ale utilizatorului \u0219i nu prezint\u0103 risc \u00een cazul \u00een care sunt interceptate de ter\u021be p\u0103r\u021bi. Dac\u0103 browser-ul este configurat s\u0103 nu le accepte, anumite pagini pot s\u0103 nu func\u021bioneze par\u021bial sau \u00een totalitate. Pe site pot fi prezente reclame \u0219i\/sau leg\u0103turi c\u0103tre pagini ale unor ter\u021be p\u0103r\u021bi, inclusiv parteneri, furnizori de publicitate sau sponsori. Informa\u021biile furnizate unor pagini externe nu se afl\u0103 sub controlul Funda\u021biei pentru Dezvoltarea Societ\u0103\u021bii Civile \u0219i orice publicare a unor date personale pe alte pagini de pe Internet se face pe propriul risc.<\/p>\n<p>Tipuri de Cookies folosite:<\/p>\n<ul>\n<li>Cookies tehnice \u0219i strict necesare pentru func\u021bionarea site-ului. Acestea sunt obligatorii pentru func\u021bionarea site-ului \u0219i nu pot fi dezactivate de utilizator.<\/li>\n<li>Cookies statistice. Acestea ofer\u0103 informa\u021bii anonimizate legate de utilizarea site-ului.<\/li>\n<\/ul>\n<p>Conform Legii nr. 677\/2001, beneficia\u021bi de dreptul de acces, de interven\u021bie asupra datelor, dreptul de a nu fi supus unei decizii individuale \u0219i dreptul de a v\u0103 adresa justi\u021biei. Totodat\u0103, ave\u021bi dreptul s\u0103 v\u0103 opune\u021bi prelucr\u0103rii datelor personale care v\u0103 privesc \u0219i s\u0103 solicita\u021bi \u0219tergerea datelor. Pentru exercitarea acestor drepturi, v\u0103 pute\u021bi adresa cu o cerere scris\u0103, datat\u0103 \u0219i semnat\u0103 la Funda\u021bia pentru Dezvoltarea Societ\u0103\u021bii Civile, persoan\u0103 juridic\u0103 rom\u00e2n\u0103, cu sediul \u00een Bulevardul Nerva Traian, nr.21, Sector 3, Bucure\u0219ti, \u0219i ne pute\u021bi semnala acest lucru la adresa acf[at]fdsc.ro.<br \/>\nDac\u0103 unele din datele despre dumneavoastr\u0103 sunt incorecte, v\u0103 rug\u0103m s\u0103 ne informa\u021bi c\u00e2t mai cur\u00e2nd posibil. Activecitizensfund.ro se angajeaz\u0103 s\u0103 nu trimit\u0103 spam (mesaje comerciale pentru care nu are acceptul prealabil explicit al utilizatorului).<\/p>\n<p>Politici de publicitate Google Cookie \u0219i politici de confiden\u021bialitate<\/p>\n<p><a href=\"http:\/\/www.activecitizensfund.ro\/\">www.activecitizensfund.ro<\/a> folose\u0219te Google Analytics, un serviciu de analiz\u0103 web furnizat de Google. Google Analytics folose\u0219te \u201ccookies\u201d, care sunt fi\u0219iere text plasate \u00een computer, pentru a ajuta site-ul s\u0103 analizeze modul \u00een care utilizatorii \u00eel folosesc. Informa\u021biile generate de cookie-ul cu privire la utilizarea de c\u0103tre dvs. a site-ului (inclusiv adresa dvs. IP), vor fi transmise \u0219i stocate de Google pe serverele sale. Google va folosi aceste informa\u021bii \u00een scopul de a evalua utilizarea de c\u0103tre dvs. a site-ului activecitizensfund.ro, \u00eentocmirea rapoartelor de cercetare ale site-ului pentru operatorii de site \u0219i furnizarea de alte servicii legate de activitate \u0219i de utilizarea internetului pe activecitizensfund.ro. Google poate transfera aceste informa\u021bii unor ter\u021be p\u0103r\u021bi, \u00een cazul \u00een care acest lucru este solicitat prin lege, sau \u00een cazul \u00een care ter\u021be p\u0103r\u021bi afecteaz\u0103 procesul de informa\u021bii cu privire la numele Google. Google nu va asocia adresa dvs. de IP cu orice alte date de\u021binute de c\u0103tre Google.<\/p>\n<p>Ave\u021bi dreptul s\u0103 refuza\u021bi utilizarea de cookie-uri prin selectarea set\u0103rilor corespunz\u0103toare \u00een browser-ul dvs., cu toate acestea, v\u0103 rug\u0103m s\u0103 re\u021bine\u021bi c\u0103, dac\u0103 realiza\u021bi aceste set\u0103ri este posibil s\u0103 nu pute\u021bi avea acces la\u00a0 func\u021bionalitatea deplin\u0103 a site-ului activecitizensfund.ro. Prin utilizarea acestui site web, sunte\u021bi de acord cu prelucrarea datelor personale de c\u0103tre Google \u00een modul \u0219i \u00een scopurile men\u021bionate mai sus.<\/p>\n<p>Activecitizensfund.ro\u00a0poate folosi, de asemenea, companii ter\u021be de publicitate pentru a furniza anun\u021buri atunci c\u00e2nd vizita\u021bi site-ul nostru. Aceste companii pot utiliza informa\u021bii (care nu includ numele, adresa, adresa de e-mail, sau num\u0103rul de telefon) despre vizitele dumneavoastr\u0103 pe site-ul\u00a0activecitizensfund.ro \u0219i pe alte site-uri pentru a furniza reclame pentru bunuri \u0219i servicii de interes pentru tine. Dac\u0103 dori\u021bi mai multe informa\u021bii despre aceast\u0103 practic\u0103 \u0219i s\u0103 \u0219ti\u021bi despre care sunt op\u021biunile dvs. pentru ca aceste companii s\u0103 nu aib\u0103 acces la aceste informa\u021bii, da\u021bi click\u00a0<a href=\"http:\/\/www.google.com\/policies\/technologies\/ads\/\">aici<\/a>.<br \/>\nGoogle, ca un furnizor de servicii, folose\u0219te cookie-uri pentru a servi reclame pe site-ul activecitizensfund.ro.<br \/>\nGoogle utilizeaz\u0103 cookie-ul DART. Acesta \u00eei permite s\u0103 difuzeze anun\u021buri pentru utilizatori, pe baza vizitelor pe care ace\u0219tia le fac pe\u00a0activecitizensfund.ro\u00a0\u0219i pe alte site-uri de pe Internet.<br \/>\nUtilizatorii pot renunta la utilizarea cookie-ului DART, acces\u00e2nd urm\u0103torul\u00a0<a href=\"http:\/\/www.google.com\/policies\/technologies\/ads\/\">link<\/a>.<\/p>\n<p>Utilizatorii pot oric\u00e2nd s\u0103 \u0219tearg\u0103 Cookies folosind set\u0103rile browserului.<\/p>\n<ul>\n<li><a href=\"https:\/\/support.google.com\/chrome\/answer\/95647?hl=en\">Set\u0103ri Chrome<\/a><\/li>\n<li><a href=\"https:\/\/support.mozilla.org\/en-US\/kb\/cookies-information-websites-store-on-your-computer?redirectlocale=en-US&amp;redirectslug=Cookies\">Set\u0103ri Firefox<\/a><\/li>\n<li><a href=\"https:\/\/support.apple.com\/guide\/safari\/manage-cookies-and-website-data-sfri11471\/mac\">Set\u0103ri Safari<\/a><\/li>\n<li><a href=\"https:\/\/support.microsoft.com\/ro-ro\/help\/278835\/how-to-delete-cookie-files-in-internet-explorer\">Set\u0103ri Internet Explorer<\/a><\/li>\n<\/ul>\n\n\t\t<\/div>\n\t<\/div>\n<\/div><\/div><\/div><\/div>\n<\/div>","protected":false},"excerpt":{"rendered":"<p>DESCARC\u0102 PDF Site-ul www.activecitizensfund.ro este proprietatea Funda\u021biei pentru Dezvoltarea Societ\u0103\u021bii Civile (FDSC) cu sediul \u00een Bulevardul Nerva Traian, nr.21, Sector 3, Bucure\u0219ti, \u00eenregistrat\u0103 la Judec\u0103toria sector 2 \u00een baza Hot\u0103r\u00e2rii Judec\u0103tore\u0219ti nr. 111 din data de 21.12.1994, cod fiscal RO14476331 \u0219i poate fi contactat\u0103 pe adresa de e-mail: acf@fdsc.ro. Pe parcursul acestor termeni \u0219i condi\u021bii&hellip;<\/p>","protected":false},"author":1,"featured_media":0,"parent":0,"menu_order":0,"comment_status":"closed","ping_status":"closed","template":"","meta":{"footnotes":""},"class_list":["post-55751","page","type-page","status-publish","hentry","description-off"],"_links":{"self":[{"href":"https:\/\/activecitizensfund.ro\/en\/wp-json\/wp\/v2\/pages\/55751","targetHints":{"allow":["GET"]}}],"collection":[{"href":"https:\/\/activecitizensfund.ro\/en\/wp-json\/wp\/v2\/pages"}],"about":[{"href":"https:\/\/activecitizensfund.ro\/en\/wp-json\/wp\/v2\/types\/page"}],"author":[{"embeddable":true,"href":"https:\/\/activecitizensfund.ro\/en\/wp-json\/wp\/v2\/users\/1"}],"replies":[{"embeddable":true,"href":"https:\/\/activecitizensfund.ro\/en\/wp-json\/wp\/v2\/comments?post=55751"}],"version-history":[{"count":6,"href":"https:\/\/activecitizensfund.ro\/en\/wp-json\/wp\/v2\/pages\/55751\/revisions"}],"predecessor-version":[{"id":55788,"href":"https:\/\/activecitizensfund.ro\/en\/wp-json\/wp\/v2\/pages\/55751\/revisions\/55788"}],"wp:attachment":[{"href":"https:\/\/activecitizensfund.ro\/en\/wp-json\/wp\/v2\/media?parent=55751"}],"curies":[{"name":"wp","href":"https:\/\/api.w.org\/{rel}","templated":true}]}}