{"id":55763,"date":"2020-06-09T14:06:52","date_gmt":"2020-06-09T12:06:52","guid":{"rendered":"https:\/\/activecitizensfund.ro\/?page_id=55763"},"modified":"2020-07-21T12:25:01","modified_gmt":"2020-07-21T10:25:01","slug":"resurse-utile","status":"publish","type":"page","link":"https:\/\/activecitizensfund.ro\/en\/resurse-utile\/","title":{"rendered":"Useful resources"},"content":{"rendered":"<div class=\"wpb-content-wrapper\"><div class=\"vc_row wpb_row vc_row-fluid dt-default\" style=\"margin-top: 0px;margin-bottom: 0px\"><div class=\"wpb_column vc_column_container vc_col-sm-12\"><div class=\"vc_column-inner\"><div class=\"wpb_wrapper\">\n\t<div class=\"wpb_text_column wpb_content_element\" >\n\t\t<div class=\"wpb_wrapper\">\n\t\t\t<p style=\"font-weight: 400;\">Check back here periodically, to access studies, guides or research papers that may be able to help organisations write projects, organise activities etc.<\/p>\n\n\t\t<\/div>\n\t<\/div>\n<div class=\"vc_empty_space\"   style=\"height: 32px\"><span class=\"vc_empty_space_inner\"><\/span><\/div>\n\t<div class=\"wpb_text_column wpb_content_element\" >\n\t\t<div class=\"wpb_wrapper\">\n\t\t\t<p style=\"font-weight: 400;\"><div id=\"footable_parent_55834\"\n         class=\"footable_parent ninja_table_wrapper loading_ninja_table wp_table_data_press_parent semantic_ui\">\n                <table data-ninja_table_instance=\"ninja_table_instance_0\" data-footable_id=\"55834\" data-filter-delay=\"1000\" aria-label=\"Useful resources\"            id=\"footable_55834\"\n           data-unique_identifier=\"ninja_table_unique_id_2319874411_55834\"\n           class=\"foo-table ninja_footable foo_table_55834 ninja_table_unique_id_2319874411_55834 ui table  nt_type_legacy_table selectable striped vertical_centered  footable-paging-right ninja_table_pro\">\n                <colgroup>\n                            <col class=\"ninja_column_0\">\n                            <col class=\"ninja_column_1\">\n                            <col class=\"ninja_column_2\">\n                            <col class=\"ninja_column_3\">\n                            <col class=\"ninja_column_4\">\n                            <col class=\"ninja_column_5\">\n                            <col class=\"ninja_column_6\">\n                    <\/colgroup>\n        <thead>\n<tr class=\"footable-header\">\n                                                                                                                        <th scope=\"col\"  class=\"ninja_column_0 ninja_clmn_nm_nume\">Name <\/th><th scope=\"col\"  class=\"ninja_column_1 ninja_clmn_nm_autor\">Author<\/th><th scope=\"col\"  class=\"ninja_column_2 ninja_clmn_nm_descriere\">Description<\/th><th scope=\"col\"  class=\"ninja_column_3 ninja_clmn_nm_categorie\">Category<\/th><th scope=\"col\"  class=\"ninja_column_4 ninja_clmn_nm_domeniu\">Domain<\/th><th scope=\"col\"  class=\"ninja_column_5 ninja_clmn_nm_an\">Year<\/th><th scope=\"col\"  class=\"ninja_column_6 ninja_clmn_nm_limba\">Language<\/th><\/tr>\n<\/thead>\n<tbody>\n\n        <tr data-row_id=\"1595\" class=\"ninja_table_row_0 nt_row_id_1595\">\n            <td><a href=\"https:\/\/activecitizensfund.ro\/wp-content\/uploads\/2020\/07\/fra-2020-fundamental-rights-survey-human-rights_en.pdf\" target=\"_blank\">What do rights mean for people in the EU?<\/a><\/td><td>European Union Agency for Fundamental Rights (FRA)<\/td><td>The Fundamental Rights Survey presents data collected from 35,000 people about their experiences, perceptions and opinions on a range of issues that are variously encompassed by human rights.<\/td><td>Study<\/td><td>Fundamental rights<\/td><td>2020<\/td><td>English<\/td>        <\/tr>\n            <tr data-row_id=\"1594\" class=\"ninja_table_row_1 nt_row_id_1594\">\n            <td><a href=\"https:\/\/fra.europa.eu\/sites\/default\/files\/fra_uploads\/fra-2018-effectively-communicating-human-rights-booklet_en.pdf\" target=\"_blank\">10 keys to effectively communicating human rights<\/a><\/td><td>European Union Agency for Fundamental Rights (FRA)<\/td><td>The Guide sums up 10 keys to effectively communicating human rights, raised in FRA\u2019s expert meetings in 2017 and 2018.<\/td><td>Guide<\/td><td>Communication <\/td><td>2018<\/td><td>Romanian and  English<\/td>        <\/tr>\n            <tr data-row_id=\"1593\" class=\"ninja_table_row_2 nt_row_id_1593\">\n            <td><a href=\"https:\/\/activecitizensfund.ro\/wp-content\/uploads\/2020\/07\/fra-2020-coronavirus-pandemic-eu-bulletin-july_en.pdf\" target=\"_blank\">Covid-19 implications for Fundamental Human Rights<\/a><\/td><td>European Union Agency for Fundamental Rights (FRA)<\/td><td>Bulletin on the Coronavirus pandemic in the EU: fundamental rights implications, which looks at how EU Member States tackle the pandemic and the impact on fundamental rights.<\/td><td>Article<\/td><td>Covid-19<\/td><td>2020<\/td><td>English<\/td>        <\/tr>\n            <tr data-row_id=\"1581\" class=\"ninja_table_row_3 nt_row_id_1581\">\n            <td><a href=\"https:\/\/activecitizensfund.ro\/wp-content\/uploads\/2020\/07\/Lista-resurse-utile-comunicare.pdf\" target=\"_blank\">Communication agencies which work with NGOs<\/a><\/td><td>Civil Society Development Foundation (FDSC)<\/td><td>List of organizations providing communication support to NGOs<\/td><td>Article<\/td><td>Communication<\/td><td>2020<\/td><td>Romanian<\/td>        <\/tr>\n            <tr data-row_id=\"1590\" class=\"ninja_table_row_4 nt_row_id_1590\">\n            <td><a href=\"https:\/\/fra.europa.eu\/en\/publication\/2020\/fundamental-rights-report-2020\" target=\"_blank\">Fundamental Rights Report 2020<\/a><\/td><td>European Union Agency for Fundamental Rights (FRA)<\/td><td>The Report reviews major developments in the field in 2019, identifying both achievements and areas of concern.<\/td><td>Report<\/td><td>Fundamental rights<\/td><td>2020<\/td><td>English<\/td>        <\/tr>\n            <tr data-row_id=\"1591\" class=\"ninja_table_row_5 nt_row_id_1591\">\n            <td><a href=\"https:\/\/www.management-ong.ro\/coronavirus-ong\/\" target=\"_blank\">Recommendations for NGOs in the context of COVID-19<\/a><\/td><td>Center for Nonprofit Organizations Management (CMON)<\/td><td>Advice for those in the NGO sector to adapt as easily as possible to the new context.<\/td><td>Article<\/td><td>Covid-19<\/td><td>2020<\/td><td>Romanian<\/td>        <\/tr>\n            <tr data-row_id=\"1592\" class=\"ninja_table_row_6 nt_row_id_1592\">\n            <td><a href=\"https:\/\/about.twitter.com\/content\/dam\/about-twitter\/company\/twitter-for-good\/en\/campaigning-on-twitter-handbook-2019.pdf\" target=\"_blank\">Campaigning on Twitter The Handbook for NGOs, Politics & Public Service<\/a><\/td><td>Twitter<\/td><td>Guide on how to best use this platform for building relevant campaigns.<\/td><td>Guide<\/td><td>Communication<\/td><td>2019<\/td><td>English<\/td>        <\/tr>\n            <tr data-row_id=\"1572\" class=\"ninja_table_row_7 nt_row_id_1572\">\n            <td><a target=\"_blank\" href=\"https:\/\/www.techsoupeurope.org\/wp-content\/uploads\/2020\/04\/TechSoup-Europe-Short-Guide-to-Making-Webinars.pdf\">Short guide to making webinars<\/a><\/td><td>TechSoup Europe, translated by the TechSoup Romania Association<\/td><td>Short guide with basic tips and tricks for those who want to start producing webinars. <\/td><td>Guide<\/td><td>Webinars<\/td><td>2020<\/td><td>Romanian and  English<\/td>        <\/tr>\n            <tr data-row_id=\"1573\" class=\"ninja_table_row_8 nt_row_id_1573\">\n            <td><a target=\"_blank\" href=\"https:\/\/www.frivillighetnorge.no\/politikk\/koronaveileder\">Infection protection in voluntary organizations<\/a><\/td><td>Volunteer Norway and National Council of Norway's Child and Youth Organizations<\/td><td>Collection of advice and tips on how voluntary organizations can carry out activities within the infection control rules.<\/td><td>Guide<\/td><td>COVID-19<\/td><td>2020<\/td><td>English<\/td>        <\/tr>\n            <tr data-row_id=\"1574\" class=\"ninja_table_row_9 nt_row_id_1574\">\n            <td><a target=\"_blank\" href=\"http:\/\/www.fdsc.ro\/library\/files\/romania2017.the_ngo_sector_(en_summary).pdf\">Study Romania 2017. The non-governmental sector: profil, tendencies, challenges.<\/a><\/td><td>Civil Society Development Foundation (FDSC)<\/td><td>A multidimensional evaluation of the non-governmental sector evolution in Romania during the period 2010- 2016.<\/td><td>Study<\/td><td>Civil society<\/td><td>2017<\/td><td>Romanian and  English<\/td>        <\/tr>\n            <tr data-row_id=\"1575\" class=\"ninja_table_row_10 nt_row_id_1575\">\n            <td><a target=\"_blank\" href=\"http:\/\/www.fdsc.ro\/library\/files\/infografice_en_2017,_raport.pdf\">Infographics. The non-governmental sector in Romania: profile, tendencies, challenges.<\/a><\/td><td>Civil Society Development Foundation (FDSC)<\/td><td>Infographics about the non-governmental sector in Romania - profile, tendencies, challenges.<\/td><td>Infographic<\/td><td>Civil society<\/td><td>2017<\/td><td>Romanian and  English<\/td>        <\/tr>\n            <tr data-row_id=\"1576\" class=\"ninja_table_row_11 nt_row_id_1576\">\n            <td><a target=\"_blank\" href=\"http:\/\/www.fdsc.ro\/library\/files\/index_usaid_2018_romania_ro.pdf\">Sustainability Index of Civil Society Organizations in Romania<\/a><\/td><td>Civil Society Development Foundation (FDSC)<\/td><td>Index of the sustainability of civil society organisations in Romania \u2013 2018.<\/td><td>Index<\/td><td>Civil society<\/td><td>2018<\/td><td>Romanian<\/td>        <\/tr>\n            <tr data-row_id=\"1577\" class=\"ninja_table_row_12 nt_row_id_1577\">\n            <td><a target=\"_blank\" href=\"http:\/\/www.fdsc.ro\/library\/files\/index_usaid_2017_romania.pdf\">Sustainability Index of Civil Society Organizations in Romania<\/a><\/td><td>Civil Society Development Foundation (FDSC)<\/td><td>Index of the sustainability of civil society organisations in Romania \u2013 2017.<\/td><td>Index<\/td><td>Civil society<\/td><td>2017<\/td><td>Romanian<\/td>        <\/tr>\n            <tr data-row_id=\"1578\" class=\"ninja_table_row_13 nt_row_id_1578\">\n            <td><a target=\"_blank\" href=\"http:\/\/fondong.fdsc.ro\/upload\/No Hatespeech\/Bookmarks RO_2017.pdf\">Bookmarks RO - un manual pentru combaterea discursului instigator la ur\u0103 din mediul online, prin educa\u021bia pentru drepturile omului<\/a><\/td><td>Civil Society Development Foundation (FDSC)<\/td><td>Manual designed to support the No Hate Speech Movement youth campaign of the Council of Europe for human rights online.<\/td><td>Manual<\/td><td>Civil society<\/td><td>2017<\/td><td>Romanian<\/td>        <\/tr>\n            <tr data-row_id=\"1579\" class=\"ninja_table_row_14 nt_row_id_1579\">\n            <td><a target=\"_blank\" href=\"https:\/\/www.stiri.ong\/assets\/files\/brosurafondong2009-2014.pdf\">Involvement takes shape - the final brochure of the NGO Fund Program Romania<\/a><\/td><td>Civil Society Development Foundation (FDSC)<\/td><td>Document with the results of the NGO Fund in Romania 2009-2014.<\/td><td>Brochure<\/td><td>Civil society<\/td><td>2014<\/td><td>Romanian<\/td>        <\/tr>\n    <\/tbody><!--ninja_tobody_rendering_done-->\n    <\/table>\n    \n    \n    \n<\/div>\n\n\t\t<\/div>\n\t<\/div>\n<\/div><\/div><\/div><\/div>\n<\/div>","protected":false},"excerpt":{"rendered":"<p>Verifica\u021bi periodic aceast\u0103 sec\u021biune, \u00een care vom publica studii, ghiduri utile sau cercet\u0103ri care pot ajuta organiza\u021biile s\u0103 scrie proiecte, s\u0103 organizeze activit\u0103\u021bi etc. Nume AutorDescriereCategorieDomeniuAnLimba What do rights mean for people in the EU?Agen\u021bia pentru Drepturi Fundamentale a Uniunii Europene (FRA)Studiul prezint\u0103 date colectate de la 35.000 de persoane despre experien\u021bele, percep\u021biile \u0219i opiniile&hellip;<\/p>","protected":false},"author":1,"featured_media":0,"parent":0,"menu_order":0,"comment_status":"closed","ping_status":"closed","template":"","meta":{"footnotes":""},"class_list":["post-55763","page","type-page","status-publish","hentry","description-off"],"_links":{"self":[{"href":"https:\/\/activecitizensfund.ro\/en\/wp-json\/wp\/v2\/pages\/55763","targetHints":{"allow":["GET"]}}],"collection":[{"href":"https:\/\/activecitizensfund.ro\/en\/wp-json\/wp\/v2\/pages"}],"about":[{"href":"https:\/\/activecitizensfund.ro\/en\/wp-json\/wp\/v2\/types\/page"}],"author":[{"embeddable":true,"href":"https:\/\/activecitizensfund.ro\/en\/wp-json\/wp\/v2\/users\/1"}],"replies":[{"embeddable":true,"href":"https:\/\/activecitizensfund.ro\/en\/wp-json\/wp\/v2\/comments?post=55763"}],"version-history":[{"count":3,"href":"https:\/\/activecitizensfund.ro\/en\/wp-json\/wp\/v2\/pages\/55763\/revisions"}],"predecessor-version":[{"id":55866,"href":"https:\/\/activecitizensfund.ro\/en\/wp-json\/wp\/v2\/pages\/55763\/revisions\/55866"}],"wp:attachment":[{"href":"https:\/\/activecitizensfund.ro\/en\/wp-json\/wp\/v2\/media?parent=55763"}],"curies":[{"name":"wp","href":"https:\/\/api.w.org\/{rel}","templated":true}]}}